{"id":108,"date":"2015-02-27T23:22:45","date_gmt":"2015-02-27T22:22:45","guid":{"rendered":"http:\/\/bellacrus.bplaced.net\/?page_id=108"},"modified":"2025-04-04T11:06:49","modified_gmt":"2025-04-04T09:06:49","slug":"kitten","status":"publish","type":"page","link":"https:\/\/bellacrus.bplaced.net\/?page_id=108","title":{"rendered":"Kitten"},"content":{"rendered":"<p style=\"text-align: center;\">Im Moment ist unsere Kittenstube leer, gerne geben wir pers\u00f6nlich Infos \u00fcber die n\u00e4chsten Pl\u00e4ne \ud83d\ude09<\/p>\n<p style=\"text-align: center;\">\n","protected":false},"excerpt":{"rendered":"<p>Im Moment ist unsere Kittenstube leer, gerne geben wir pers\u00f6nlich Infos \u00fcber die n\u00e4chsten Pl\u00e4ne \ud83d\ude09<\/p>\n","protected":false},"author":1,"featured_media":2164,"parent":0,"menu_order":0,"comment_status":"closed","ping_status":"closed","template":"","meta":{"footnotes":""},"class_list":["post-108","page","type-page","status-publish","has-post-thumbnail","hentry"],"_links":{"self":[{"href":"https:\/\/bellacrus.bplaced.net\/index.php?rest_route=\/wp\/v2\/pages\/108","targetHints":{"allow":["GET"]}}],"collection":[{"href":"https:\/\/bellacrus.bplaced.net\/index.php?rest_route=\/wp\/v2\/pages"}],"about":[{"href":"https:\/\/bellacrus.bplaced.net\/index.php?rest_route=\/wp\/v2\/types\/page"}],"author":[{"embeddable":true,"href":"https:\/\/bellacrus.bplaced.net\/index.php?rest_route=\/wp\/v2\/users\/1"}],"replies":[{"embeddable":true,"href":"https:\/\/bellacrus.bplaced.net\/index.php?rest_route=%2Fwp%2Fv2%2Fcomments&post=108"}],"version-history":[{"count":231,"href":"https:\/\/bellacrus.bplaced.net\/index.php?rest_route=\/wp\/v2\/pages\/108\/revisions"}],"predecessor-version":[{"id":2652,"href":"https:\/\/bellacrus.bplaced.net\/index.php?rest_route=\/wp\/v2\/pages\/108\/revisions\/2652"}],"wp:featuredmedia":[{"embeddable":true,"href":"https:\/\/bellacrus.bplaced.net\/index.php?rest_route=\/wp\/v2\/media\/2164"}],"wp:attachment":[{"href":"https:\/\/bellacrus.bplaced.net\/index.php?rest_route=%2Fwp%2Fv2%2Fmedia&parent=108"}],"curies":[{"name":"wp","href":"https:\/\/api.w.org\/{rel}","templated":true}]}}