{"id":1287,"date":"2026-01-16T13:22:33","date_gmt":"2026-01-16T12:22:33","guid":{"rendered":"http:\/\/bellacrus.bplaced.net\/?page_id=1287"},"modified":"2026-01-16T13:40:15","modified_gmt":"2026-01-16T12:40:15","slug":"jeanny","status":"publish","type":"page","link":"https:\/\/bellacrus.bplaced.net\/?page_id=1287","title":{"rendered":"Chelsea"},"content":{"rendered":"<p style=\"text-align: center;\">Chelsea von Bella Crus<br \/>\nBritisch Langhaar<br \/>\nFarbe: blue golden shaded<br \/>\nGeboren am: 13.02.2025<br \/>\nVater: Bumblebee von Smaragd Deluxe (blue golden shell )<br \/>\nMutter:\u00a0 Saphira of Thien Than (choclate golden shaded point)<br \/>\nFiv\/Leukose: Negativ<br \/>\nPKD Gentest: N\/N ( N= Normal, Anlagefrei)<br \/>\nPKD unauff\u00e4llig<br \/>\nHCM unauff\u00e4llig<br \/>\nBlutgruppe: A<br \/>\nTr\u00e4gt: &#8230;<\/p>\n<p style=\"text-align: center;\"><a title=\"Katzen\" href=\"http:\/\/bellacrus.bplaced.net\/?page_id=63\">zur\u00fcck<\/a><\/p>\n<p style=\"text-align: center;\">\n\n\n<figure class=\"wp-block-gallery has-nested-images columns-default is-cropped wp-block-gallery-1 is-layout-flex wp-block-gallery-is-layout-flex\">\n<figure class=\"wp-block-image size-large\"><a href=\"https:\/\/bellacrus.bplaced.net\/wp-content\/uploads\/2026\/01\/IMG_8408-1.jpg\"><img loading=\"lazy\" decoding=\"async\" width=\"1024\" height=\"792\" data-id=\"2661\" src=\"https:\/\/bellacrus.bplaced.net\/wp-content\/uploads\/2026\/01\/IMG_8408-1-1024x792.jpg\" alt=\"\" class=\"wp-image-2661\" srcset=\"https:\/\/bellacrus.bplaced.net\/wp-content\/uploads\/2026\/01\/IMG_8408-1-1024x792.jpg 1024w, https:\/\/bellacrus.bplaced.net\/wp-content\/uploads\/2026\/01\/IMG_8408-1-300x232.jpg 300w, https:\/\/bellacrus.bplaced.net\/wp-content\/uploads\/2026\/01\/IMG_8408-1-768x594.jpg 768w, https:\/\/bellacrus.bplaced.net\/wp-content\/uploads\/2026\/01\/IMG_8408-1.jpg 1300w\" sizes=\"auto, (max-width: 1024px) 100vw, 1024px\" \/><\/a><\/figure>\n\n\n\n<figure class=\"wp-block-image size-large\"><a href=\"https:\/\/bellacrus.bplaced.net\/wp-content\/uploads\/2026\/01\/IMG_8425-1.jpg\"><img loading=\"lazy\" decoding=\"async\" width=\"1024\" height=\"718\" data-id=\"2662\" src=\"https:\/\/bellacrus.bplaced.net\/wp-content\/uploads\/2026\/01\/IMG_8425-1-1024x718.jpg\" alt=\"\" class=\"wp-image-2662\" srcset=\"https:\/\/bellacrus.bplaced.net\/wp-content\/uploads\/2026\/01\/IMG_8425-1-1024x718.jpg 1024w, https:\/\/bellacrus.bplaced.net\/wp-content\/uploads\/2026\/01\/IMG_8425-1-300x210.jpg 300w, https:\/\/bellacrus.bplaced.net\/wp-content\/uploads\/2026\/01\/IMG_8425-1-768x538.jpg 768w, https:\/\/bellacrus.bplaced.net\/wp-content\/uploads\/2026\/01\/IMG_8425-1.jpg 1300w\" sizes=\"auto, (max-width: 1024px) 100vw, 1024px\" \/><\/a><\/figure>\n\n\n\n<figure class=\"wp-block-image size-large\"><a href=\"https:\/\/bellacrus.bplaced.net\/wp-content\/uploads\/2026\/01\/IMG_8436.jpg\"><img loading=\"lazy\" decoding=\"async\" width=\"1024\" height=\"802\" data-id=\"2663\" src=\"https:\/\/bellacrus.bplaced.net\/wp-content\/uploads\/2026\/01\/IMG_8436-1024x802.jpg\" alt=\"\" class=\"wp-image-2663\" srcset=\"https:\/\/bellacrus.bplaced.net\/wp-content\/uploads\/2026\/01\/IMG_8436-1024x802.jpg 1024w, https:\/\/bellacrus.bplaced.net\/wp-content\/uploads\/2026\/01\/IMG_8436-300x235.jpg 300w, https:\/\/bellacrus.bplaced.net\/wp-content\/uploads\/2026\/01\/IMG_8436-768x601.jpg 768w, https:\/\/bellacrus.bplaced.net\/wp-content\/uploads\/2026\/01\/IMG_8436.jpg 1300w\" sizes=\"auto, (max-width: 1024px) 100vw, 1024px\" \/><\/a><\/figure>\n<\/figure>\n","protected":false},"excerpt":{"rendered":"<p>Chelsea von Bella Crus Britisch Langhaar Farbe: blue golden shaded Geboren am: 13.02.2025 Vater: Bumblebee von Smaragd Deluxe (blue golden shell ) Mutter:\u00a0 Saphira of Thien Than (choclate golden shaded point) Fiv\/Leukose: Negativ PKD Gentest: N\/N ( N= Normal, Anlagefrei) PKD unauff\u00e4llig HCM unauff\u00e4llig Blutgruppe: A Tr\u00e4gt: &#8230; zur\u00fcck<\/p>\n","protected":false},"author":1,"featured_media":2656,"parent":0,"menu_order":0,"comment_status":"closed","ping_status":"closed","template":"","meta":{"footnotes":""},"class_list":["post-1287","page","type-page","status-publish","has-post-thumbnail","hentry"],"_links":{"self":[{"href":"https:\/\/bellacrus.bplaced.net\/index.php?rest_route=\/wp\/v2\/pages\/1287","targetHints":{"allow":["GET"]}}],"collection":[{"href":"https:\/\/bellacrus.bplaced.net\/index.php?rest_route=\/wp\/v2\/pages"}],"about":[{"href":"https:\/\/bellacrus.bplaced.net\/index.php?rest_route=\/wp\/v2\/types\/page"}],"author":[{"embeddable":true,"href":"https:\/\/bellacrus.bplaced.net\/index.php?rest_route=\/wp\/v2\/users\/1"}],"replies":[{"embeddable":true,"href":"https:\/\/bellacrus.bplaced.net\/index.php?rest_route=%2Fwp%2Fv2%2Fcomments&post=1287"}],"version-history":[{"count":24,"href":"https:\/\/bellacrus.bplaced.net\/index.php?rest_route=\/wp\/v2\/pages\/1287\/revisions"}],"predecessor-version":[{"id":2664,"href":"https:\/\/bellacrus.bplaced.net\/index.php?rest_route=\/wp\/v2\/pages\/1287\/revisions\/2664"}],"wp:featuredmedia":[{"embeddable":true,"href":"https:\/\/bellacrus.bplaced.net\/index.php?rest_route=\/wp\/v2\/media\/2656"}],"wp:attachment":[{"href":"https:\/\/bellacrus.bplaced.net\/index.php?rest_route=%2Fwp%2Fv2%2Fmedia&parent=1287"}],"curies":[{"name":"wp","href":"https:\/\/api.w.org\/{rel}","templated":true}]}}