{"id":19,"date":"2015-02-27T21:33:24","date_gmt":"2015-02-27T20:33:24","guid":{"rendered":"http:\/\/bellacrus.bplaced.net\/?page_id=19"},"modified":"2023-04-20T09:54:15","modified_gmt":"2023-04-20T07:54:15","slug":"ueber-uns","status":"publish","type":"page","link":"https:\/\/bellacrus.bplaced.net\/?page_id=19","title":{"rendered":"\u00dcber uns"},"content":{"rendered":"<p style=\"text-align: center;\">Wir leben mit unseren Katzen und unserer in Frechen, bei K\u00f6ln.<br \/>\nWir z\u00fcchten im KVL e.V. (Katzenverein Leverkusen e.V.).<br \/>\nWir legen viel Wert auf Gesundheit und Pflege unserer Tiere.<br \/>\nUnsere Katzen k\u00f6nnen sich frei in ihrem Heim bewegen<br \/>\nund nat\u00fcrlich ist Schmusen ihre Lieblingsbesch\u00e4ftigung, typisch Brite :-). Spielen und kuscheln auch gerne mit unserer Tochter \ud83d\ude42<br \/>\nUnsere Kitten werden an alle allt\u00e4glichen Ger\u00e4usche gew\u00f6hnt und erhalten<br \/>\nviele Streicheleinheiten.<\/p>\n<p style=\"text-align: center;\">Auch nachdem unsere Sch\u00fctzlinge ausgezogen sind freuen wir<br \/>\nuns immer wieder auf Feedback und nat\u00fcrlich stehen wir den neuen Dosen\u00f6ffnern<br \/>\nmit Rat und Tat zur Seite.<\/p>\n","protected":false},"excerpt":{"rendered":"<p>Wir leben mit unseren Katzen und unserer in Frechen, bei K\u00f6ln. Wir z\u00fcchten im KVL e.V. (Katzenverein Leverkusen e.V.). Wir legen viel Wert auf Gesundheit und Pflege unserer Tiere. Unsere Katzen k\u00f6nnen sich frei in ihrem Heim bewegen und nat\u00fcrlich ist Schmusen ihre Lieblingsbesch\u00e4ftigung, typisch Brite :-). Spielen und kuscheln auch gerne mit unserer Tochter &hellip; <a href=\"https:\/\/bellacrus.bplaced.net\/?page_id=19\" class=\"more-link\"><span class=\"screen-reader-text\">\u00dcber uns<\/span> weiterlesen <span class=\"meta-nav\">&rarr;<\/span><\/a><\/p>\n","protected":false},"author":1,"featured_media":20,"parent":0,"menu_order":0,"comment_status":"closed","ping_status":"closed","template":"","meta":{"footnotes":""},"class_list":["post-19","page","type-page","status-publish","has-post-thumbnail","hentry"],"_links":{"self":[{"href":"https:\/\/bellacrus.bplaced.net\/index.php?rest_route=\/wp\/v2\/pages\/19","targetHints":{"allow":["GET"]}}],"collection":[{"href":"https:\/\/bellacrus.bplaced.net\/index.php?rest_route=\/wp\/v2\/pages"}],"about":[{"href":"https:\/\/bellacrus.bplaced.net\/index.php?rest_route=\/wp\/v2\/types\/page"}],"author":[{"embeddable":true,"href":"https:\/\/bellacrus.bplaced.net\/index.php?rest_route=\/wp\/v2\/users\/1"}],"replies":[{"embeddable":true,"href":"https:\/\/bellacrus.bplaced.net\/index.php?rest_route=%2Fwp%2Fv2%2Fcomments&post=19"}],"version-history":[{"count":4,"href":"https:\/\/bellacrus.bplaced.net\/index.php?rest_route=\/wp\/v2\/pages\/19\/revisions"}],"predecessor-version":[{"id":2526,"href":"https:\/\/bellacrus.bplaced.net\/index.php?rest_route=\/wp\/v2\/pages\/19\/revisions\/2526"}],"wp:featuredmedia":[{"embeddable":true,"href":"https:\/\/bellacrus.bplaced.net\/index.php?rest_route=\/wp\/v2\/media\/20"}],"wp:attachment":[{"href":"https:\/\/bellacrus.bplaced.net\/index.php?rest_route=%2Fwp%2Fv2%2Fmedia&parent=19"}],"curies":[{"name":"wp","href":"https:\/\/api.w.org\/{rel}","templated":true}]}}