{"id":72,"date":"2015-02-27T23:13:05","date_gmt":"2015-02-27T22:13:05","guid":{"rendered":"http:\/\/bellacrus.bplaced.net\/?page_id=72"},"modified":"2025-02-11T14:29:24","modified_gmt":"2025-02-11T13:29:24","slug":"lina","status":"publish","type":"page","link":"https:\/\/bellacrus.bplaced.net\/?page_id=72","title":{"rendered":"Saphi"},"content":{"rendered":"<p style=\"text-align: center;\">Saphira of ThienThan<br \/>\nBritisch Kurzhaar<br \/>\nFarbe: chocolate golden shaded point<br \/>\nGeboren am:14.02.2022<br \/>\nVater: Damaris from Wlassvet (BKH black golden shaded)<br \/>\nMutter: Bianca Star Alcaro (BKH black golden shaded)<br \/>\nFiv\/Leukose: Negativ<br \/>\nPKD Gentest: N\/N ( N= Normal, Anlagefrei)<br \/>\nPKD unauff\u00e4llig geschallt<br \/>\nHCM unauff\u00e4llig geschallt<br \/>\nBlutgruppe: A<br \/>\nTr\u00e4gt: Verd\u00fcnnung<\/p>\n<p>&nbsp;<\/p>\n<h3 style=\"text-align: center;\"><span style=\"color: #800000;\"><a style=\"color: #800000;\" title=\"Katzen\" href=\"http:\/\/bellacrus.bplaced.net\/?page_id=63\">zur\u00fcck<\/a><\/span><\/h3>\n","protected":false},"excerpt":{"rendered":"<p>Saphira of ThienThan Britisch Kurzhaar Farbe: chocolate golden shaded point Geboren am:14.02.2022 Vater: Damaris from Wlassvet (BKH black golden shaded) Mutter: Bianca Star Alcaro (BKH black golden shaded) Fiv\/Leukose: Negativ PKD Gentest: N\/N ( N= Normal, Anlagefrei) PKD unauff\u00e4llig geschallt HCM unauff\u00e4llig geschallt Blutgruppe: A Tr\u00e4gt: Verd\u00fcnnung &nbsp; zur\u00fcck<\/p>\n","protected":false},"author":1,"featured_media":0,"parent":0,"menu_order":0,"comment_status":"closed","ping_status":"closed","template":"","meta":{"footnotes":""},"class_list":["post-72","page","type-page","status-publish","hentry"],"_links":{"self":[{"href":"https:\/\/bellacrus.bplaced.net\/index.php?rest_route=\/wp\/v2\/pages\/72","targetHints":{"allow":["GET"]}}],"collection":[{"href":"https:\/\/bellacrus.bplaced.net\/index.php?rest_route=\/wp\/v2\/pages"}],"about":[{"href":"https:\/\/bellacrus.bplaced.net\/index.php?rest_route=\/wp\/v2\/types\/page"}],"author":[{"embeddable":true,"href":"https:\/\/bellacrus.bplaced.net\/index.php?rest_route=\/wp\/v2\/users\/1"}],"replies":[{"embeddable":true,"href":"https:\/\/bellacrus.bplaced.net\/index.php?rest_route=%2Fwp%2Fv2%2Fcomments&post=72"}],"version-history":[{"count":22,"href":"https:\/\/bellacrus.bplaced.net\/index.php?rest_route=\/wp\/v2\/pages\/72\/revisions"}],"predecessor-version":[{"id":2637,"href":"https:\/\/bellacrus.bplaced.net\/index.php?rest_route=\/wp\/v2\/pages\/72\/revisions\/2637"}],"wp:attachment":[{"href":"https:\/\/bellacrus.bplaced.net\/index.php?rest_route=%2Fwp%2Fv2%2Fmedia&parent=72"}],"curies":[{"name":"wp","href":"https:\/\/api.w.org\/{rel}","templated":true}]}}